{"id":16,"date":"2012-05-25T13:52:13","date_gmt":"2012-05-25T13:52:13","guid":{"rendered":"http:\/\/aplanos.be\/sla\/?page_id=16"},"modified":"2012-05-30T06:23:38","modified_gmt":"2012-05-30T06:23:38","slug":"ecotrail-2012","status":"publish","type":"page","link":"https:\/\/aplanos.be\/sla\/ecotrail-2012\/","title":{"rendered":"EcoTrail de Bruxelles"},"content":{"rendered":"<p><a href=\"http:\/\/www.zatopekmagazine.com\/magazine\/Belux\/je-cours-31\/ecotrail-de-bruxelles-87\/ecotrail-de-bruxelles-239.htm?PHPSESSID=58a7e4778316570be2461a25255d2fd5\"><img loading=\"lazy\" decoding=\"async\" class=\"alignleft  wp-image-72\" title=\"LOGO_ecotrail\" src=\"https:\/\/aplanos.be\/sla\/wp-content\/uploads\/2012\/05\/LOGO_ecotrail-300x143.jpg\" alt=\"\" width=\"229\" height=\"109\" srcset=\"https:\/\/aplanos.be\/sla\/wp-content\/uploads\/2012\/05\/LOGO_ecotrail-300x143.jpg 300w, https:\/\/aplanos.be\/sla\/wp-content\/uploads\/2012\/05\/LOGO_ecotrail-200x95.jpg 200w, https:\/\/aplanos.be\/sla\/wp-content\/uploads\/2012\/05\/LOGO_ecotrail.jpg 495w\" sizes=\"auto, (max-width: 229px) 100vw, 229px\" \/><\/a>La premi\u00e8re \u00e9dition de l\u2019<strong><span style=\"text-decoration: underline;\"><a href=\"http:\/\/www.zatopekmagazine.com\/magazine\/Belux\/je-cours-31\/ecotrail-de-bruxelles-87\/ecotrail-de-bruxelles-239.htm?PHPSESSID=58a7e4778316570be2461a25255d2fd5\" target=\"_blank\">Ecotrail<\/a><\/span><\/strong> de Bruxelles aura lieu le samedi 29 septembre 2012 avec comme distance reine un 80km qui empruntera les chemins de la For\u00eat de Soignes et de la promenade verte pour arriver \u00e0 l\u2019Atomium. Le concept de l\u2019Ecotrail, lanc\u00e9 \u00e0 Paris il y a quelques ann\u00e9es, mettra ainsi en \u00e9vidence les plus beaux espaces verts de la capitale europ\u00e9enne et saluera \u00e0 sa mani\u00e8re les deux autres r\u00e9gions du pays, la Flandre et la Wallonie.<br \/>\nA c\u00f4t\u00e9 de l\u2019\u00e9preuve individuelle de 80km, le programme de la journ\u00e9e sera compl\u00e9t\u00e9 de la plus belle mani\u00e8re avec une distance longue en trio \u00ab run-bike-bike \u00bb (un coureur et deux v\u00e9los) et deux distances courtes qui partiront d\u2019Erasme, un trail de 25km et une course en duo et sans chrono de 18km.<br \/>\nLes zones de d\u00e9part sont toutes accessibles en m\u00e9tro \u00e0 partir de l\u2019Atomium. Les premiers d\u00e9parts seront donn\u00e9s en fin de matin\u00e9e et les derniers en d\u00e9but d\u2019apr\u00e8s-midi. Le programme (encore \u00e0 r\u00e9v\u00e9ler) a \u00e9t\u00e9 \u00e9tabli de mani\u00e8re \u00e0 ce que les derniers coureurs \u00e0 arriver \u00e0 l\u2019Atomium soient les trailers individuels du 80km.<br \/>\nL\u2019asbl sport et sant\u00e9, en collaboration avec le magazine <strong><span style=\"text-decoration: underline;\"><span style=\"color: #000000; text-decoration: underline;\"><a href=\"http:\/\/www.zatopekmagazine.com\" target=\"_blank\"><span style=\"color: #000000; text-decoration: underline;\">Zatopek<\/span><\/a><\/span><\/span><\/strong> et l\u2019IBGE (Bruxelles environnement), est heureuse de mettre sur pied cette premi\u00e8re \u00e0 Bruxelles et esp\u00e8re que vous serez nombreux au RDV le dernier samedi de septembre.<\/p>\n<p><strong>D\u00e9couvrez le parcours complet de l&rsquo;\u00e9preuve<\/strong><\/p>\n<p><a href=\"https:\/\/aplanos.be\/sla\/wp-content\/uploads\/2012\/05\/ECB_planA6.pdf\"><img loading=\"lazy\" decoding=\"async\" src=\"https:\/\/encrypted-tbn0.google.com\/images?q=tbn:ANd9GcTnQLQzJabex8grZe-VB_Six6PoCSliuoyjlT7obKa-9T5lysi-\" alt=\"https:\/\/encrypted-tbn0.google.com\/images?q=tbn:ANd9GcTnQLQzJabex8grZe-VB_Six6PoCSliuoyjlT7obKa-9T5lysi-\" width=\"34\" height=\"33\" \/><\/a><\/p>\n","protected":false},"excerpt":{"rendered":"<p>La premi\u00e8re \u00e9dition de l\u2019Ecotrail de Bruxelles aura lieu le samedi 29 septembre 2012 avec comme distance reine un 80km qui empruntera les chemins de la For\u00eat de Soignes et de la promenade verte pour arriver \u00e0 l\u2019Atomium. Le concept de l\u2019Ecotrail, lanc\u00e9 \u00e0 Paris il y a quelques ann\u00e9es, mettra ainsi en \u00e9vidence les [&hellip;]<\/p>\n","protected":false},"author":1,"featured_media":0,"parent":0,"menu_order":4,"comment_status":"open","ping_status":"closed","template":"","meta":{"ngg_post_thumbnail":0,"footnotes":""},"class_list":["post-16","page","type-page","status-publish","hentry"],"_links":{"self":[{"href":"https:\/\/aplanos.be\/sla\/wp-json\/wp\/v2\/pages\/16","targetHints":{"allow":["GET"]}}],"collection":[{"href":"https:\/\/aplanos.be\/sla\/wp-json\/wp\/v2\/pages"}],"about":[{"href":"https:\/\/aplanos.be\/sla\/wp-json\/wp\/v2\/types\/page"}],"author":[{"embeddable":true,"href":"https:\/\/aplanos.be\/sla\/wp-json\/wp\/v2\/users\/1"}],"replies":[{"embeddable":true,"href":"https:\/\/aplanos.be\/sla\/wp-json\/wp\/v2\/comments?post=16"}],"version-history":[{"count":22,"href":"https:\/\/aplanos.be\/sla\/wp-json\/wp\/v2\/pages\/16\/revisions"}],"predecessor-version":[{"id":105,"href":"https:\/\/aplanos.be\/sla\/wp-json\/wp\/v2\/pages\/16\/revisions\/105"}],"wp:attachment":[{"href":"https:\/\/aplanos.be\/sla\/wp-json\/wp\/v2\/media?parent=16"}],"curies":[{"name":"wp","href":"https:\/\/api.w.org\/{rel}","templated":true}]}}