{"id":15,"date":"2012-05-25T13:52:30","date_gmt":"2012-05-25T13:52:30","guid":{"rendered":"http:\/\/aplanos.be\/sla\/?page_id=15"},"modified":"2012-06-03T12:03:09","modified_gmt":"2012-06-03T12:03:09","slug":"soutenez-nous","status":"publish","type":"page","link":"https:\/\/aplanos.be\/sla\/soutenez-nous\/","title":{"rendered":"Soutenez-nous!"},"content":{"rendered":"<p>Vous pouvez nous soutenir en r\u00e9alisant un don au profit de la recherche par virement bancaire traditionnel. <strong><\/strong><br \/>\n<strong>Veuillez \u00e0 utiliser le bon num\u00e9ro de compte et \u00e0 indiquer la bonne communication !<\/strong><br \/>\nTout don \u00e9gal ou sup\u00e9rieur a 40 \u20ac est d\u00e9ductible fiscalement.<\/p>\n<h4>Compte bancaire<span style=\"color: #000000;\"> de l\u2019ULB<br \/>\nBE79210042940033<\/span><\/h4>\n<h4>Communication<br \/>\n<strong> Don 5D00G000005_ Prof. Pochet_Mme Cartiaux<\/strong><\/h4>\n<p>&nbsp;<\/p>\n\n<div class=\"wpcf7 no-js\" id=\"wpcf7-f12-o1\" lang=\"\" dir=\"ltr\" data-wpcf7-id=\"12\">\n<div class=\"screen-reader-response\"><p role=\"status\" aria-live=\"polite\" aria-atomic=\"true\"><\/p> <ul><\/ul><\/div>\n<form action=\"\/sla\/wp-json\/wp\/v2\/pages\/15#wpcf7-f12-o1\" method=\"post\" class=\"wpcf7-form init\" aria-label=\"Formulaire de contact\" novalidate=\"novalidate\" data-status=\"init\">\n<fieldset class=\"hidden-fields-container\"><input type=\"hidden\" name=\"_wpcf7\" value=\"12\" \/><input type=\"hidden\" name=\"_wpcf7_version\" value=\"6.1.5\" \/><input type=\"hidden\" name=\"_wpcf7_locale\" value=\"\" \/><input type=\"hidden\" name=\"_wpcf7_unit_tag\" value=\"wpcf7-f12-o1\" \/><input type=\"hidden\" name=\"_wpcf7_container_post\" value=\"0\" \/><input type=\"hidden\" name=\"_wpcf7_posted_data_hash\" value=\"\" \/>\n<\/fieldset>\n<p>Votre pr\u00e9nom *\n<\/p>\n<p><span class=\"wpcf7-form-control-wrap\" data-name=\"your-name\"><input size=\"40\" maxlength=\"400\" class=\"wpcf7-form-control wpcf7-text wpcf7-validates-as-required\" aria-required=\"true\" aria-invalid=\"false\" value=\"\" type=\"text\" name=\"your-name\" \/><\/span>\n<\/p>\n<p>Votre nom *\n<\/p>\n<p><span class=\"wpcf7-form-control-wrap\" data-name=\"your-surname\"><input size=\"40\" maxlength=\"400\" class=\"wpcf7-form-control wpcf7-text wpcf7-validates-as-required\" aria-required=\"true\" aria-invalid=\"false\" value=\"\" type=\"text\" name=\"your-surname\" \/><\/span>\n<\/p>\n<p>Votre email *\n<\/p>\n<p><span class=\"wpcf7-form-control-wrap\" data-name=\"your-email\"><input size=\"40\" maxlength=\"400\" class=\"wpcf7-form-control wpcf7-email wpcf7-validates-as-required wpcf7-text wpcf7-validates-as-email\" aria-required=\"true\" aria-invalid=\"false\" value=\"\" type=\"email\" name=\"your-email\" \/><\/span>\n<\/p>\n<p>Je fais une promesse de don de :\n<\/p>\n<p><span class=\"wpcf7-form-control-wrap\" data-name=\"don\"><input size=\"10\" maxlength=\"400\" class=\"wpcf7-form-control wpcf7-text\" aria-invalid=\"false\" value=\"\" type=\"text\" name=\"don\" \/><\/span> \u20ac\n<\/p>\n<p>Remarque\n<\/p>\n<p><span class=\"wpcf7-form-control-wrap\" data-name=\"your-message\"><textarea cols=\"40\" rows=\"10\" maxlength=\"2000\" class=\"wpcf7-form-control wpcf7-textarea\" aria-invalid=\"false\" name=\"your-message\"><\/textarea><\/span>\n<\/p>\n<p>Entrez les caract\u00e8res ci-dessous\n<\/p>\n<p><input type=\"hidden\" name=\"_wpcf7_captcha_challenge_captcha-169\" value=\"3969123369\" \/><img loading=\"lazy\" decoding=\"async\" class=\"wpcf7-form-control wpcf7-captchac wpcf7-captcha-captcha-169\" width=\"72\" height=\"24\" alt=\"captcha\" src=\"https:\/\/aplanos.be\/sla\/wp-content\/uploads\/wpcf7_captcha\/3969123369.png\" \/><br \/>\n<span class=\"wpcf7-form-control-wrap\" data-name=\"captcha-169\"><input size=\"40\" class=\"wpcf7-form-control wpcf7-captchar\" autocomplete=\"off\" aria-invalid=\"false\" value=\"\" type=\"text\" name=\"captcha-169\" \/><\/span>\n<\/p>\n<p><input class=\"wpcf7-form-control wpcf7-submit has-spinner\" type=\"submit\" value=\"Envoyer\" \/>\n<\/p>\n<h6> * Champs obligatoires\n<\/h6><p style=\"display: none !important;\" class=\"akismet-fields-container\" data-prefix=\"_wpcf7_ak_\"><label>&#916;<textarea name=\"_wpcf7_ak_hp_textarea\" cols=\"45\" rows=\"8\" maxlength=\"100\"><\/textarea><\/label><input type=\"hidden\" id=\"ak_js_1\" name=\"_wpcf7_ak_js\" value=\"84\"\/><script>document.getElementById( \"ak_js_1\" ).setAttribute( \"value\", ( new Date() ).getTime() );<\/script><\/p><div class=\"wpcf7-response-output\" aria-hidden=\"true\"><\/div>\n<\/form>\n<\/div>\n\n<h5><span style=\"text-decoration: underline;\">Nouvelle R\u00e8gle pour l\u2019attestation fiscale<\/span><br \/>\nL\u2019attestation fiscale est un re\u00e7u pour les dons effectu\u00e9s aux organisations caritatives reconnues par le Minist\u00e8re des Finances. Elle vous permet de d\u00e9duire vos dons de votre revenu imposable net total. Depuis 2011, une d\u00e9cision gouvernementale a port\u00e9 ce montant minimum \u00e0 40\u20ac par an pour vos dons (d\u00e9cision prise sur base de l\u2019indexation et applicable \u00e0 toutes les associations agr\u00e9\u00e9es). Chaque personne qui effectue (entre le 1er janvier et le 31 d\u00e9cembre de la m\u00eame ann\u00e9e) des dons \u00e0 l\u2019ULB dont la somme est de 40\u20ac minimum\u00a0 a droit \u00e0 une attestation fiscale. Cette attestation, remise aussi bien aux entreprises qu\u2019aux particuliers, sera envoy\u00e9e automatiquement par l\u2019ULB dans le courant du mois de mars de l\u2019ann\u00e9e suivante. Cette attestation vous permet de r\u00e9cup\u00e9rer de 25 \u00e0 55% de votre don via vos imp\u00f4ts.<\/h5>\n","protected":false},"excerpt":{"rendered":"<p>Vous pouvez nous soutenir en r\u00e9alisant un don au profit de la recherche par virement bancaire traditionnel. Veuillez \u00e0 utiliser le bon num\u00e9ro de compte et \u00e0 indiquer la bonne communication ! Tout don \u00e9gal ou sup\u00e9rieur a 40 \u20ac est d\u00e9ductible fiscalement. Compte bancaire de l\u2019ULB BE79210042940033 Communication Don 5D00G000005_ Prof. Pochet_Mme Cartiaux &nbsp; [&hellip;]<\/p>\n","protected":false},"author":1,"featured_media":0,"parent":0,"menu_order":3,"comment_status":"open","ping_status":"closed","template":"","meta":{"ngg_post_thumbnail":0,"footnotes":""},"class_list":["post-15","page","type-page","status-publish","hentry"],"_links":{"self":[{"href":"https:\/\/aplanos.be\/sla\/wp-json\/wp\/v2\/pages\/15","targetHints":{"allow":["GET"]}}],"collection":[{"href":"https:\/\/aplanos.be\/sla\/wp-json\/wp\/v2\/pages"}],"about":[{"href":"https:\/\/aplanos.be\/sla\/wp-json\/wp\/v2\/types\/page"}],"author":[{"embeddable":true,"href":"https:\/\/aplanos.be\/sla\/wp-json\/wp\/v2\/users\/1"}],"replies":[{"embeddable":true,"href":"https:\/\/aplanos.be\/sla\/wp-json\/wp\/v2\/comments?post=15"}],"version-history":[{"count":12,"href":"https:\/\/aplanos.be\/sla\/wp-json\/wp\/v2\/pages\/15\/revisions"}],"predecessor-version":[{"id":107,"href":"https:\/\/aplanos.be\/sla\/wp-json\/wp\/v2\/pages\/15\/revisions\/107"}],"wp:attachment":[{"href":"https:\/\/aplanos.be\/sla\/wp-json\/wp\/v2\/media?parent=15"}],"curies":[{"name":"wp","href":"https:\/\/api.w.org\/{rel}","templated":true}]}}